{"id":811,"date":"2024-03-26T07:41:34","date_gmt":"2024-03-26T07:41:34","guid":{"rendered":"https:\/\/grafilox.com\/tiefenreinigung\/"},"modified":"2024-04-14T12:20:18","modified_gmt":"2024-04-14T12:20:18","slug":"tiefenreinigung","status":"publish","type":"page","link":"https:\/\/grafilox.com\/de\/tiefenreinigung\/","title":{"rendered":"Tiefenreinigung"},"content":{"rendered":"\n<h1 class=\"wp-block-heading has-text-align-center\" style=\"padding-top:var(--wp--preset--spacing--60);padding-bottom:var(--wp--preset--spacing--60)\">Tiefenreinigung<\/h1>\n\n<div class=\"wp-block-columns alignwide is-layout-flex wp-container-core-columns-is-layout-fcc1b840 wp-block-columns-is-layout-flex\" style=\"padding-top:0;padding-bottom:0\">\n<div class=\"wp-block-column is-vertically-aligned-center is-layout-flow wp-block-column-is-layout-flow\" style=\"padding-top:0px;padding-right:24px;padding-bottom:0px;padding-left:24px\">\n<h2 class=\"wp-block-heading\">In regelm\u00e4\u00dfigen Abst\u00e4nden ist eine gr\u00fcndliche Tiefenreinigung erforderlich<\/h2>\n\n\n\n<p>Dazu setzt Grafilox seinen kompakten und einfach zu bedienenden Laser mit einer beeindruckenden Pulsleistung von bis zu 300 kW und einer Oberfl\u00e4chentemperatur von 120 Grad Celsius ein. Diese fortschrittliche Lasertechnologie bietet gute Reinigungsergebnisse f\u00fcr verschiedene Anwendungen.<\/p>\n\n\n\n<p>Unsere gut ausgebildeten und erfahrenen Techniker f\u00fchren die Laserreinigung durch, die nicht nur sicher, sondern auch umweltfreundlich ist. Nach jeder Reinigung erhalten Sie einen detaillierten Bericht mit Vorher-Nachher-Messungen, einschlie\u00dflich mikroskopischer Fotos Ihrer Rasterwalzen. Dieser Bericht hilft Ihnen, die Ergebnisse der Reinigung zu bewerten.<\/p>\n<\/div>\n\n\n\n<div class=\"wp-block-column is-layout-flow wp-block-column-is-layout-flow\">\n<figure class=\"wp-block-image size-full\"><img loading=\"lazy\" decoding=\"async\" width=\"600\" height=\"600\" src=\"https:\/\/grafilox.com\/wp-content\/uploads\/2024\/04\/Dieptereiniging.png\" alt=\"\" class=\"wp-image-598\" srcset=\"https:\/\/grafilox.com\/wp-content\/uploads\/2024\/04\/Dieptereiniging.png 600w, https:\/\/grafilox.com\/wp-content\/uploads\/2024\/04\/Dieptereiniging-300x300.png 300w, https:\/\/grafilox.com\/wp-content\/uploads\/2024\/04\/Dieptereiniging-150x150.png 150w\" sizes=\"auto, (max-width: 600px) 100vw, 600px\" \/><\/figure>\n<\/div>\n<\/div>\n\n<div class=\"wp-block-group alignfull is-layout-constrained wp-container-core-group-is-layout-d2f9eac8 wp-block-group-is-layout-constrained\" style=\"margin-top:0px;margin-bottom:0px;padding-top:100px;padding-bottom:100px\">\n<h3 class=\"wp-block-heading has-text-align-center\">&#8222;Grafilox bietet flexible M\u00f6glichkeiten f\u00fcr die Durchf\u00fchrung der Reinigung: Wir helfen Ihnen sowohl vor Ort als auch in unseren R\u00e4umlichkeiten in Raamsdonksveer, sieben Tage die Woche.<\/h3>\n<\/div>\n\n<div class=\"wp-block-group alignfull is-layout-constrained wp-container-core-group-is-layout-98523865 wp-block-group-is-layout-constrained\" style=\"margin-top:0px;margin-bottom:0px;padding-top:0px;padding-bottom:0px\">\n<div class=\"wp-block-group alignfull has-ti-fg-alt-color has-ti-accent-background-color has-text-color has-background has-link-color wp-elements-f568f4b9936cd44649304d9ae68635f8 is-layout-constrained wp-container-core-group-is-layout-d2b80eb8 wp-block-group-is-layout-constrained\" style=\"margin-top:0;margin-bottom:0;padding-top:64px;padding-bottom:64px\">\n<div class=\"wp-block-columns alignwide is-layout-flex wp-container-core-columns-is-layout-28232c24 wp-block-columns-is-layout-flex\">\n<div class=\"wp-block-column is-vertically-aligned-center is-layout-flow wp-block-column-is-layout-flow\" style=\"padding-top:24px;padding-right:24px;padding-bottom:24px;padding-left:24px\">\n<h2 class=\"wp-block-heading\">Grafilox&#8217;s Laser-Spezifikationen<\/h2>\n\n\n\n<ul class=\"wp-block-list\">\n<li>Die Laser-Spezifikationen von Grafilox:<\/li>\n\n\n\n<li>Platzsparendes, kompaktes Design<\/li>\n\n\n\n<li>Benutzerfreundliche Bedienung<\/li>\n\n\n\n<li>Pulsleistung bis zu 300 kW, Oberfl\u00e4chentemperatur von 120 Grad Celsius<\/li>\n\n\n\n<li>Kann sowohl mobil als auch station\u00e4r eingesetzt werden<\/li>\n\n\n\n<li>Diodengepumpte Laserquelle<\/li>\n\n\n\n<li>Produkt der Laserklasse 4<\/li>\n\n\n\n<li>Ein fokussierter Laserstrahl verdampft Verunreinigungen pr\u00e4zise<\/li>\n\n\n\n<li>Die Prozessoptimierung des Laserstrahls gew\u00e4hrleistet eine maximale Reaktion mit dem Zielmaterial, um die Geschwindigkeit zu erh\u00f6hen und gleichzeitig das Basismaterial nicht zu besch\u00e4digen.<\/li>\n\n\n\n<li>Die Leistungsdichte des Laserstrahls kann genau und einfach eingestellt werden, um Reinigungsergebnisse zu erzielen, die mit keiner anderen Option m\u00f6glich sind.<\/li>\n\n\n\n<li>Schnelle Eindickung der Druckfarbe<\/li>\n\n\n\n<li>Schaumstoffprobleme mit der Tinte<\/li>\n\n\n\n<li>\u00dcberm\u00e4\u00dfiger Gebrauch von Werkzeugen<\/li>\n\n\n\n<li>Lagerung von ungew\u00f6hnlichen Tintenfarben im Lager<\/li>\n\n\n\n<li>Unn\u00f6tige Ausfallzeiten der Druckmaschine<\/li>\n<\/ul>\n\n\n\n<div class=\"wp-block-buttons is-layout-flex wp-block-buttons-is-layout-flex\">\n<div class=\"wp-block-button is-style-outline is-style-outline--1\"><a class=\"wp-block-button__link wp-element-button\" href=\"http:\/\/Grafilox - Nano-Anilox-Technologie GB-komprimiert\" target=\"_blank\" rel=\"noreferrer noopener\">Finden Sie heraus, was Grafilox leisten kann<\/a><\/div>\n<\/div>\n<\/div>\n<\/div>\n<\/div>\n\n\n\n<div class=\"wp-block-cover alignfull\" style=\"margin-top:0;margin-bottom:0;padding-top:64px;padding-right:24px;padding-bottom:64px;padding-left:24px;min-height:500px;aspect-ratio:unset;\"><span aria-hidden=\"true\" class=\"wp-block-cover__background has-ti-bg-alt-background-color has-background-dim-100 has-background-dim\"><\/span><div class=\"wp-block-cover__inner-container is-layout-flow wp-block-cover-is-layout-flow\">\n<div class=\"wp-block-group has-ti-fg-alt-color has-text-color is-layout-constrained wp-block-group-is-layout-constrained\">\n<h2 class=\"wp-block-heading has-ti-fg-color has-text-color has-link-color wp-elements-c3bf1a90abb4f65a35dad0bd5852221d\">M\u00f6chten Sie mehr dar\u00fcber erfahren, was die Laserreinigung f\u00fcr Sie tun kann?<\/h2>\n\n\n\n<p class=\"has-text-align-center has-ti-fg-color has-text-color has-link-color wp-elements-7f110a88b08e9594c4ec5842eafbbb55\">Kontaktieren Sie uns f\u00fcr eine kostenlose Inspektion Ihrer Rasterwalzen. Sie erhalten einen Bericht, in dem das Volumen Ihrer Rasterwalzen analysiert wird, einschlie\u00dflich mikroskopischer Fotos. Die Laserreinigung kann das Volumen Ihrer Rasterwalzen in einen optimalen Zustand versetzen, und das zu einem Bruchteil der Kosten einer neuen Rasterwalze.<\/p>\n\n\n\n<div class=\"wp-block-buttons is-content-justification-center is-layout-flex wp-container-core-buttons-is-layout-a89b3969 wp-block-buttons-is-layout-flex\">\n<div class=\"wp-block-button\"><a class=\"wp-block-button__link wp-element-button\" href=\"https:\/\/grafilox.com\/de\/kontakt\/\">Kontakt aufnehmen<\/a><\/div>\n<\/div>\n<\/div>\n<\/div><\/div>\n<\/div>\n","protected":false},"excerpt":{"rendered":"<p>Tiefenreinigung In regelm\u00e4\u00dfigen Abst\u00e4nden ist eine gr\u00fcndliche Tiefenreinigung erforderlich Dazu setzt Grafilox seinen kompakten und einfach zu bedienenden Laser mit einer beeindruckenden Pulsleistung von bis zu 300 kW und einer Oberfl\u00e4chentemperatur von 120 Grad Celsius ein. Diese fortschrittliche Lasertechnologie bietet gute Reinigungsergebnisse f\u00fcr verschiedene Anwendungen. Unsere gut ausgebildeten und erfahrenen Techniker f\u00fchren die Laserreinigung durch, [&hellip;]<\/p>\n","protected":false},"author":1,"featured_media":0,"parent":0,"menu_order":0,"comment_status":"closed","ping_status":"closed","template":"","meta":{"_uag_custom_page_level_css":"","footnotes":""},"class_list":["post-811","page","type-page","status-publish","hentry"],"yoast_head":"<!-- This site is optimized with the Yoast SEO plugin v27.4 - https:\/\/yoast.com\/product\/yoast-seo-wordpress\/ -->\n<title>Tiefenreinigung - Grafilox<\/title>\n<meta name=\"robots\" content=\"index, follow, max-snippet:-1, max-image-preview:large, max-video-preview:-1\" \/>\n<link rel=\"canonical\" href=\"https:\/\/grafilox.com\/de\/tiefenreinigung\/\" \/>\n<meta property=\"og:locale\" content=\"de_DE\" \/>\n<meta property=\"og:type\" content=\"article\" \/>\n<meta property=\"og:title\" content=\"Tiefenreinigung - Grafilox\" \/>\n<meta property=\"og:description\" content=\"Tiefenreinigung In regelm\u00e4\u00dfigen Abst\u00e4nden ist eine gr\u00fcndliche Tiefenreinigung erforderlich Dazu setzt Grafilox seinen kompakten und einfach zu bedienenden Laser mit einer beeindruckenden Pulsleistung von bis zu 300 kW und einer Oberfl\u00e4chentemperatur von 120 Grad Celsius ein. Diese fortschrittliche Lasertechnologie bietet gute Reinigungsergebnisse f\u00fcr verschiedene Anwendungen. Unsere gut ausgebildeten und erfahrenen Techniker f\u00fchren die Laserreinigung durch, [&hellip;]\" \/>\n<meta property=\"og:url\" content=\"https:\/\/grafilox.com\/de\/tiefenreinigung\/\" \/>\n<meta property=\"og:site_name\" content=\"Grafilox\" \/>\n<meta property=\"article:modified_time\" content=\"2024-04-14T12:20:18+00:00\" \/>\n<meta property=\"og:image\" content=\"https:\/\/grafilox.com\/wp-content\/uploads\/2024\/04\/Dieptereiniging.png\" \/>\n<meta name=\"twitter:card\" content=\"summary_large_image\" \/>\n<meta name=\"twitter:label1\" content=\"Gesch\u00e4tzte Lesezeit\" \/>\n\t<meta name=\"twitter:data1\" content=\"2\u00a0Minuten\" \/>\n<script type=\"application\/ld+json\" class=\"yoast-schema-graph\">{\"@context\":\"https:\\\/\\\/schema.org\",\"@graph\":[{\"@type\":\"WebPage\",\"@id\":\"https:\\\/\\\/grafilox.com\\\/de\\\/tiefenreinigung\\\/\",\"url\":\"https:\\\/\\\/grafilox.com\\\/de\\\/tiefenreinigung\\\/\",\"name\":\"Tiefenreinigung - Grafilox\",\"isPartOf\":{\"@id\":\"https:\\\/\\\/grafilox.com\\\/de\\\/#website\"},\"primaryImageOfPage\":{\"@id\":\"https:\\\/\\\/grafilox.com\\\/de\\\/tiefenreinigung\\\/#primaryimage\"},\"image\":{\"@id\":\"https:\\\/\\\/grafilox.com\\\/de\\\/tiefenreinigung\\\/#primaryimage\"},\"thumbnailUrl\":\"https:\\\/\\\/grafilox.com\\\/wp-content\\\/uploads\\\/2024\\\/04\\\/Dieptereiniging.png\",\"datePublished\":\"2024-03-26T07:41:34+00:00\",\"dateModified\":\"2024-04-14T12:20:18+00:00\",\"breadcrumb\":{\"@id\":\"https:\\\/\\\/grafilox.com\\\/de\\\/tiefenreinigung\\\/#breadcrumb\"},\"inLanguage\":\"de\",\"potentialAction\":[{\"@type\":\"ReadAction\",\"target\":[\"https:\\\/\\\/grafilox.com\\\/de\\\/tiefenreinigung\\\/\"]}]},{\"@type\":\"ImageObject\",\"inLanguage\":\"de\",\"@id\":\"https:\\\/\\\/grafilox.com\\\/de\\\/tiefenreinigung\\\/#primaryimage\",\"url\":\"https:\\\/\\\/grafilox.com\\\/wp-content\\\/uploads\\\/2024\\\/04\\\/Dieptereiniging.png\",\"contentUrl\":\"https:\\\/\\\/grafilox.com\\\/wp-content\\\/uploads\\\/2024\\\/04\\\/Dieptereiniging.png\"},{\"@type\":\"BreadcrumbList\",\"@id\":\"https:\\\/\\\/grafilox.com\\\/de\\\/tiefenreinigung\\\/#breadcrumb\",\"itemListElement\":[{\"@type\":\"ListItem\",\"position\":1,\"name\":\"Grafilox\",\"item\":\"https:\\\/\\\/grafilox.com\\\/de\\\/\"},{\"@type\":\"ListItem\",\"position\":2,\"name\":\"Tiefenreinigung\"}]},{\"@type\":\"WebSite\",\"@id\":\"https:\\\/\\\/grafilox.com\\\/de\\\/#website\",\"url\":\"https:\\\/\\\/grafilox.com\\\/de\\\/\",\"name\":\"Grafilox\",\"description\":\"Cleaning and print solutions\",\"potentialAction\":[{\"@type\":\"SearchAction\",\"target\":{\"@type\":\"EntryPoint\",\"urlTemplate\":\"https:\\\/\\\/grafilox.com\\\/de\\\/?s={search_term_string}\"},\"query-input\":{\"@type\":\"PropertyValueSpecification\",\"valueRequired\":true,\"valueName\":\"search_term_string\"}}],\"inLanguage\":\"de\"}]}<\/script>\n<!-- \/ Yoast SEO plugin. -->","yoast_head_json":{"title":"Tiefenreinigung - Grafilox","robots":{"index":"index","follow":"follow","max-snippet":"max-snippet:-1","max-image-preview":"max-image-preview:large","max-video-preview":"max-video-preview:-1"},"canonical":"https:\/\/grafilox.com\/de\/tiefenreinigung\/","og_locale":"de_DE","og_type":"article","og_title":"Tiefenreinigung - Grafilox","og_description":"Tiefenreinigung In regelm\u00e4\u00dfigen Abst\u00e4nden ist eine gr\u00fcndliche Tiefenreinigung erforderlich Dazu setzt Grafilox seinen kompakten und einfach zu bedienenden Laser mit einer beeindruckenden Pulsleistung von bis zu 300 kW und einer Oberfl\u00e4chentemperatur von 120 Grad Celsius ein. Diese fortschrittliche Lasertechnologie bietet gute Reinigungsergebnisse f\u00fcr verschiedene Anwendungen. Unsere gut ausgebildeten und erfahrenen Techniker f\u00fchren die Laserreinigung durch, [&hellip;]","og_url":"https:\/\/grafilox.com\/de\/tiefenreinigung\/","og_site_name":"Grafilox","article_modified_time":"2024-04-14T12:20:18+00:00","og_image":[{"url":"https:\/\/grafilox.com\/wp-content\/uploads\/2024\/04\/Dieptereiniging.png","type":"","width":"","height":""}],"twitter_card":"summary_large_image","twitter_misc":{"Gesch\u00e4tzte Lesezeit":"2\u00a0Minuten"},"schema":{"@context":"https:\/\/schema.org","@graph":[{"@type":"WebPage","@id":"https:\/\/grafilox.com\/de\/tiefenreinigung\/","url":"https:\/\/grafilox.com\/de\/tiefenreinigung\/","name":"Tiefenreinigung - Grafilox","isPartOf":{"@id":"https:\/\/grafilox.com\/de\/#website"},"primaryImageOfPage":{"@id":"https:\/\/grafilox.com\/de\/tiefenreinigung\/#primaryimage"},"image":{"@id":"https:\/\/grafilox.com\/de\/tiefenreinigung\/#primaryimage"},"thumbnailUrl":"https:\/\/grafilox.com\/wp-content\/uploads\/2024\/04\/Dieptereiniging.png","datePublished":"2024-03-26T07:41:34+00:00","dateModified":"2024-04-14T12:20:18+00:00","breadcrumb":{"@id":"https:\/\/grafilox.com\/de\/tiefenreinigung\/#breadcrumb"},"inLanguage":"de","potentialAction":[{"@type":"ReadAction","target":["https:\/\/grafilox.com\/de\/tiefenreinigung\/"]}]},{"@type":"ImageObject","inLanguage":"de","@id":"https:\/\/grafilox.com\/de\/tiefenreinigung\/#primaryimage","url":"https:\/\/grafilox.com\/wp-content\/uploads\/2024\/04\/Dieptereiniging.png","contentUrl":"https:\/\/grafilox.com\/wp-content\/uploads\/2024\/04\/Dieptereiniging.png"},{"@type":"BreadcrumbList","@id":"https:\/\/grafilox.com\/de\/tiefenreinigung\/#breadcrumb","itemListElement":[{"@type":"ListItem","position":1,"name":"Grafilox","item":"https:\/\/grafilox.com\/de\/"},{"@type":"ListItem","position":2,"name":"Tiefenreinigung"}]},{"@type":"WebSite","@id":"https:\/\/grafilox.com\/de\/#website","url":"https:\/\/grafilox.com\/de\/","name":"Grafilox","description":"Cleaning and print solutions","potentialAction":[{"@type":"SearchAction","target":{"@type":"EntryPoint","urlTemplate":"https:\/\/grafilox.com\/de\/?s={search_term_string}"},"query-input":{"@type":"PropertyValueSpecification","valueRequired":true,"valueName":"search_term_string"}}],"inLanguage":"de"}]}},"uagb_featured_image_src":{"full":false,"thumbnail":false,"medium":false,"medium_large":false,"large":false,"1536x1536":false,"2048x2048":false},"uagb_author_info":{"display_name":"AngeliqueDijkhuizen","author_link":"https:\/\/grafilox.com\/de\/author\/angeliquedijkhuizen\/"},"uagb_comment_info":0,"uagb_excerpt":"Tiefenreinigung In regelm\u00e4\u00dfigen Abst\u00e4nden ist eine gr\u00fcndliche Tiefenreinigung erforderlich Dazu setzt Grafilox seinen kompakten und einfach zu bedienenden Laser mit einer beeindruckenden Pulsleistung von bis zu 300 kW und einer Oberfl\u00e4chentemperatur von 120 Grad Celsius ein. Diese fortschrittliche Lasertechnologie bietet gute Reinigungsergebnisse f\u00fcr verschiedene Anwendungen. Unsere gut ausgebildeten und erfahrenen Techniker f\u00fchren die Laserreinigung durch,&hellip;","_links":{"self":[{"href":"https:\/\/grafilox.com\/de\/wp-json\/wp\/v2\/pages\/811","targetHints":{"allow":["GET"]}}],"collection":[{"href":"https:\/\/grafilox.com\/de\/wp-json\/wp\/v2\/pages"}],"about":[{"href":"https:\/\/grafilox.com\/de\/wp-json\/wp\/v2\/types\/page"}],"author":[{"embeddable":true,"href":"https:\/\/grafilox.com\/de\/wp-json\/wp\/v2\/users\/1"}],"replies":[{"embeddable":true,"href":"https:\/\/grafilox.com\/de\/wp-json\/wp\/v2\/comments?post=811"}],"version-history":[{"count":5,"href":"https:\/\/grafilox.com\/de\/wp-json\/wp\/v2\/pages\/811\/revisions"}],"predecessor-version":[{"id":897,"href":"https:\/\/grafilox.com\/de\/wp-json\/wp\/v2\/pages\/811\/revisions\/897"}],"wp:attachment":[{"href":"https:\/\/grafilox.com\/de\/wp-json\/wp\/v2\/media?parent=811"}],"curies":[{"name":"wp","href":"https:\/\/api.w.org\/{rel}","templated":true}]}}